{"id":435,"date":"2020-03-15T01:22:35","date_gmt":"2020-03-15T01:22:35","guid":{"rendered":"https:\/\/musikindslag.dk\/index.php\/about\/"},"modified":"2025-11-16T17:42:18","modified_gmt":"2025-11-16T17:42:18","slug":"about","status":"publish","type":"page","link":"https:\/\/musikindslag.dk\/index.php\/about\/","title":{"rendered":"Om Fritz"},"content":{"rendered":"\t\t<div data-elementor-type=\"wp-page\" data-elementor-id=\"435\" class=\"elementor elementor-435\">\n\t\t\t\t<div class=\"aux-parallax-section elementor-element elementor-element-7756394 e-flex e-con-boxed e-con e-parent\" data-id=\"7756394\" data-element_type=\"container\">\n\t\t\t\t\t<div class=\"e-con-inner\">\n\t\t\t\t<div class=\"elementor-element elementor-element-5f767af elementor-widget-divider--view-line elementor-widget elementor-widget-divider\" data-id=\"5f767af\" data-element_type=\"widget\" data-widget_type=\"divider.default\">\n\t\t\t\t<div class=\"elementor-widget-container\">\n\t\t\t\t\t\t\t<div class=\"elementor-divider\">\n\t\t\t<span class=\"elementor-divider-separator\">\n\t\t\t\t\t\t<\/span>\n\t\t<\/div>\n\t\t\t\t\t\t<\/div>\n\t\t\t\t<\/div>\n\t\t\t\t\t<\/div>\n\t\t\t\t<\/div>\n\t\t<div class=\"aux-parallax-section elementor-element elementor-element-6e3d194 e-flex e-con-boxed elementor-invisible e-con e-parent\" data-id=\"6e3d194\" data-element_type=\"container\" data-settings=\"{&quot;animation&quot;:&quot;fadeInLeft&quot;}\">\n\t\t\t\t\t<div class=\"e-con-inner\">\n\t\t<div class=\"elementor-element elementor-element-a6ee8e1 e-con-full e-flex e-con e-child\" data-id=\"a6ee8e1\" data-element_type=\"container\">\n\t\t\t\t<div class=\"elementor-element elementor-element-b36dcaf elementor-widget elementor-widget-heading\" data-id=\"b36dcaf\" data-element_type=\"widget\" data-widget_type=\"heading.default\">\n\t\t\t\t<div class=\"elementor-widget-container\">\n\t\t\t\t\t<h2 class=\"elementor-heading-title elementor-size-default\">Fritz Gerhard Berthelsen<\/h2>\t\t\t\t<\/div>\n\t\t\t\t<\/div>\n\t\t\t\t<div class=\"elementor-element elementor-element-41eeaed elementor-widget elementor-widget-text-editor\" data-id=\"41eeaed\" data-element_type=\"widget\" data-widget_type=\"text-editor.default\">\n\t\t\t\t<div class=\"elementor-widget-container\">\n\t\t\t\t\t\t\t\t\t<p>Fritz Gerhard Berthelsen rejste som ung til F\u00e6r\u00f8erne for at undervise i klarinet. Det blev begyndelsen p\u00e5 ni \u00e5rs intensive konservatoriestudier med klassisk klarinet som hovedfag \u2013 f\u00f8rst i den storsl\u00e5ede natur p\u00e5 Vestlandet i Norge og senere i Schweiz, omgivet af Alpernes majest\u00e6tiske landskab. I 1992 efter afsluttede studier, modtog Fritz h\u00f8jeste udm\u00e6rkelse, 1. Prix Virtuosit\u00e9 fra Conservatoire de Musique de Gen\u00e8ve (Schweiz).<\/p><p>Siden da er Fritz blevet tilegnet og har uropf\u00f8rt en lang r\u00e6kke v\u00e6rker for klarinet \u2013 b\u00e5de i Danmarks Radio og p\u00e5 solo-CD\u2019er. Han har optr\u00e5dt som solist p\u00e5 festivaler som ICMC i Beijing, ISCM i Hong Kong, Interactive Arts Performance Series i New York, International Computer Music Conference i Havana, Bridges Festival i Krakow og Festival Synth\u00e8se i Bourges.<\/p><p>Efter \u00e5rene i udlandet vendte Fritz hjem til Danmark, hvor han deltager i et bredt musikliv. Dette b\u00e5de som solist, kammermusiker og i tv\u00e6rkunstneriske projekter. Fritz har leveret soloindslag og koncerter til alt fra klassiske koncerter og kirkekoncerter til festlige begivenheder, receptioner, begravelser, plejehjemsbes\u00f8g og virksomhedsevent. Hans alsidighed og n\u00e6rv\u00e6r p\u00e5 scenen har gjort ham efterspurgt inden for mange musikalske retninger og genrer.<\/p>\t\t\t\t\t\t\t\t<\/div>\n\t\t\t\t<\/div>\n\t\t\t\t<\/div>\n\t\t<div class=\"elementor-element elementor-element-573cd62 e-con-full e-flex e-con e-child\" data-id=\"573cd62\" data-element_type=\"container\">\n\t\t\t\t<div class=\"elementor-element elementor-element-b248aae elementor-widget__width-initial elementor-widget elementor-widget-image\" data-id=\"b248aae\" data-element_type=\"widget\" data-widget_type=\"image.default\">\n\t\t\t\t<div class=\"elementor-widget-container\">\n\t\t\t\t\t\t\t\t\t\t\t\t\t\t\t<img fetchpriority=\"high\" decoding=\"async\" width=\"1024\" height=\"1024\" src=\"https:\/\/musikindslag.dk\/wp-content\/uploads\/2025\/11\/IMG_0023-1024x1024.png\" class=\"attachment-large size-large wp-image-798\" alt=\"\" srcset=\"https:\/\/musikindslag.dk\/wp-content\/uploads\/2025\/11\/IMG_0023-1024x1024.png 1024w, https:\/\/musikindslag.dk\/wp-content\/uploads\/2025\/11\/IMG_0023-300x300.png 300w, https:\/\/musikindslag.dk\/wp-content\/uploads\/2025\/11\/IMG_0023-150x150.png 150w, https:\/\/musikindslag.dk\/wp-content\/uploads\/2025\/11\/IMG_0023-768x768.png 768w, https:\/\/musikindslag.dk\/wp-content\/uploads\/2025\/11\/IMG_0023-200x200.png 200w, https:\/\/musikindslag.dk\/wp-content\/uploads\/2025\/11\/IMG_0023.png 1208w\" sizes=\"(max-width: 1024px) 100vw, 1024px\" \/>\t\t\t\t\t\t\t\t\t\t\t\t\t\t\t<\/div>\n\t\t\t\t<\/div>\n\t\t\t\t<\/div>\n\t\t<div class=\"elementor-element elementor-element-0433ab6 e-con-full e-flex e-con e-child\" data-id=\"0433ab6\" data-element_type=\"container\">\n\t\t\t\t<div class=\"elementor-element elementor-element-afefbd1 elementor-widget__width-initial elementor-widget elementor-widget-image\" data-id=\"afefbd1\" data-element_type=\"widget\" data-widget_type=\"image.default\">\n\t\t\t\t<div class=\"elementor-widget-container\">\n\t\t\t\t\t\t\t\t\t\t\t\t\t\t\t<img decoding=\"async\" width=\"656\" height=\"768\" src=\"https:\/\/musikindslag.dk\/wp-content\/uploads\/2025\/11\/Skaermbillede-2021-02-16-kl.-14.09.08-1-656x768.png\" class=\"attachment-medium_large size-medium_large wp-image-787\" alt=\"\" \/>\t\t\t\t\t\t\t\t\t\t\t\t\t\t\t<\/div>\n\t\t\t\t<\/div>\n\t\t\t\t<\/div>\n\t\t<div class=\"elementor-element elementor-element-9222ae2 e-con-full e-flex e-con e-child\" data-id=\"9222ae2\" data-element_type=\"container\">\n\t\t\t\t<div class=\"elementor-element elementor-element-6b660fe elementor-widget elementor-widget-heading\" data-id=\"6b660fe\" data-element_type=\"widget\" data-widget_type=\"heading.default\">\n\t\t\t\t<div class=\"elementor-widget-container\">\n\t\t\t\t\t<h2 class=\"elementor-heading-title elementor-size-default\">Kontakt<\/h2>\t\t\t\t<\/div>\n\t\t\t\t<\/div>\n\t\t\t\t<div class=\"elementor-element elementor-element-71d8a52 elementor-icon-list--layout-traditional elementor-list-item-link-full_width elementor-widget elementor-widget-icon-list\" data-id=\"71d8a52\" data-element_type=\"widget\" data-widget_type=\"icon-list.default\">\n\t\t\t\t<div class=\"elementor-widget-container\">\n\t\t\t\t\t\t\t<ul class=\"elementor-icon-list-items\">\n\t\t\t\t\t\t\t<li class=\"elementor-icon-list-item\">\n\t\t\t\t\t\t\t\t\t\t\t<a href=\"https:\/\/www.linkedin.com\/in\/fritz-gerhard-berthelsen-5498893a\/\">\n\n\t\t\t\t\t\t\t\t\t\t\t\t<span class=\"elementor-icon-list-icon\">\n\t\t\t\t\t\t\t<i aria-hidden=\"true\" class=\"fab fa-linkedin\"><\/i>\t\t\t\t\t\t<\/span>\n\t\t\t\t\t\t\t\t\t\t<span class=\"elementor-icon-list-text\">LinkedIn<\/span>\n\t\t\t\t\t\t\t\t\t\t\t<\/a>\n\t\t\t\t\t\t\t\t\t<\/li>\n\t\t\t\t\t\t\t\t<li class=\"elementor-icon-list-item\">\n\t\t\t\t\t\t\t\t\t\t\t<a href=\"https:\/\/www.facebook.com\/fritzgerhardberthelsen\" target=\"_blank\">\n\n\t\t\t\t\t\t\t\t\t\t\t\t<span class=\"elementor-icon-list-icon\">\n\t\t\t\t\t\t\t<i aria-hidden=\"true\" class=\"fab fa-facebook\"><\/i>\t\t\t\t\t\t<\/span>\n\t\t\t\t\t\t\t\t\t\t<span class=\"elementor-icon-list-text\">Fritz Gerhard Berthelsen<\/span>\n\t\t\t\t\t\t\t\t\t\t\t<\/a>\n\t\t\t\t\t\t\t\t\t<\/li>\n\t\t\t\t\t\t\t\t<li class=\"elementor-icon-list-item\">\n\t\t\t\t\t\t\t\t\t\t\t<span class=\"elementor-icon-list-icon\">\n\t\t\t\t\t\t\t<i aria-hidden=\"true\" class=\"fas fa-envelope\"><\/i>\t\t\t\t\t\t<\/span>\n\t\t\t\t\t\t\t\t\t\t<span class=\"elementor-icon-list-text\">Berthelsen@musikindslag.dk<\/span>\n\t\t\t\t\t\t\t\t\t<\/li>\n\t\t\t\t\t\t\t\t<li class=\"elementor-icon-list-item\">\n\t\t\t\t\t\t\t\t\t\t\t<span class=\"elementor-icon-list-icon\">\n\t\t\t\t\t\t\t<i aria-hidden=\"true\" class=\"fas fa-phone-square-alt\"><\/i>\t\t\t\t\t\t<\/span>\n\t\t\t\t\t\t\t\t\t\t<span class=\"elementor-icon-list-text\">+45 60 66 55 80<\/span>\n\t\t\t\t\t\t\t\t\t<\/li>\n\t\t\t\t\t\t<\/ul>\n\t\t\t\t\t\t<\/div>\n\t\t\t\t<\/div>\n\t\t\t\t<\/div>\n\t\t\t\t\t<\/div>\n\t\t\t\t<\/div>\n\t\t\t\t<\/div>\n\t\t","protected":false},"excerpt":{"rendered":"<p>Fritz Gerhard Berthelsen Fritz Gerhard Berthelsen rejste som ung til F\u00e6r\u00f8erne for at undervise i klarinet. Det blev begyndelsen p\u00e5 ni \u00e5rs intensive konservatoriestudier med klassisk klarinet som hovedfag \u2013 f\u00f8rst i den storsl\u00e5ede natur p\u00e5 Vestlandet i Norge og senere i Schweiz, omgivet af Alpernes majest\u00e6tiske landskab. I 1992 efter afsluttede studier, modtog Fritz [&hellip;]<\/p>\n","protected":false},"author":1,"featured_media":0,"parent":0,"menu_order":0,"comment_status":"closed","ping_status":"closed","template":"templates\/page-builder-content.php","meta":{"footnotes":""},"class_list":["post-435","page","type-page","status-publish","hentry"],"_links":{"self":[{"href":"https:\/\/musikindslag.dk\/index.php\/wp-json\/wp\/v2\/pages\/435","targetHints":{"allow":["GET"]}}],"collection":[{"href":"https:\/\/musikindslag.dk\/index.php\/wp-json\/wp\/v2\/pages"}],"about":[{"href":"https:\/\/musikindslag.dk\/index.php\/wp-json\/wp\/v2\/types\/page"}],"author":[{"embeddable":true,"href":"https:\/\/musikindslag.dk\/index.php\/wp-json\/wp\/v2\/users\/1"}],"replies":[{"embeddable":true,"href":"https:\/\/musikindslag.dk\/index.php\/wp-json\/wp\/v2\/comments?post=435"}],"version-history":[{"count":25,"href":"https:\/\/musikindslag.dk\/index.php\/wp-json\/wp\/v2\/pages\/435\/revisions"}],"predecessor-version":[{"id":1036,"href":"https:\/\/musikindslag.dk\/index.php\/wp-json\/wp\/v2\/pages\/435\/revisions\/1036"}],"wp:attachment":[{"href":"https:\/\/musikindslag.dk\/index.php\/wp-json\/wp\/v2\/media?parent=435"}],"curies":[{"name":"wp","href":"https:\/\/api.w.org\/{rel}","templated":true}]}}